{"id":899,"date":"2024-12-11T17:53:48","date_gmt":"2024-12-11T16:53:48","guid":{"rendered":"https:\/\/fatissime-formation.com\/?page_id=899"},"modified":"2025-01-10T17:34:17","modified_gmt":"2025-01-10T16:34:17","slug":"actualites","status":"publish","type":"page","link":"https:\/\/fatissime-formation.com\/index.php\/actualites\/","title":{"rendered":"actualit\u00e9s"},"content":{"rendered":"\t\t<div data-elementor-type=\"wp-page\" data-elementor-id=\"899\" class=\"elementor elementor-899\">\n\t\t\t\t<div class=\"elementor-element elementor-element-f487d40 e-flex e-con-boxed e-con e-parent\" data-id=\"f487d40\" data-element_type=\"container\" data-e-type=\"container\">\n\t\t\t\t\t<div class=\"e-con-inner\">\n\t\t<div class=\"elementor-element elementor-element-3245df1 e-grid e-con-full e-con e-child\" data-id=\"3245df1\" data-element_type=\"container\" data-e-type=\"container\">\n\t\t<div class=\"elementor-element elementor-element-58f0c46 e-con-full e-flex e-con e-child\" data-id=\"58f0c46\" data-element_type=\"container\" data-e-type=\"container\">\n\t\t\t\t<div class=\"elementor-element elementor-element-522034b elementor-widget elementor-widget-text-editor\" data-id=\"522034b\" data-element_type=\"widget\" data-e-type=\"widget\" data-widget_type=\"text-editor.default\">\n\t\t\t\t<div class=\"elementor-widget-container\">\n\t\t\t\t\t\t\t\t\t<p><a href=\"https:\/\/fatissime-formation.com\/index.php\/pourquoi-choisir-une-formation-certifiee-qualiopi\/\">Pourquoi choisir une <strong>formation certifi\u00e9e Qualiopi<\/strong> ?<\/a><\/p>\t\t\t\t\t\t\t\t<\/div>\n\t\t\t\t<\/div>\n\t\t\t\t<div class=\"elementor-element elementor-element-abac769 elementor-widget elementor-widget-image\" data-id=\"abac769\" data-element_type=\"widget\" data-e-type=\"widget\" data-widget_type=\"image.default\">\n\t\t\t\t<div class=\"elementor-widget-container\">\n\t\t\t\t\t\t\t\t\t\t\t\t\t\t\t<img fetchpriority=\"high\" decoding=\"async\" width=\"1024\" height=\"684\" src=\"https:\/\/fatissime-formation.com\/wp-content\/uploads\/2025\/01\/shutterstock_486605749-1024x684.jpg\" class=\"attachment-large size-large wp-image-1366\" alt=\"\" srcset=\"https:\/\/fatissime-formation.com\/wp-content\/uploads\/2025\/01\/shutterstock_486605749-1024x684.jpg 1024w, https:\/\/fatissime-formation.com\/wp-content\/uploads\/2025\/01\/shutterstock_486605749-300x200.jpg 300w, https:\/\/fatissime-formation.com\/wp-content\/uploads\/2025\/01\/shutterstock_486605749-768x513.jpg 768w, https:\/\/fatissime-formation.com\/wp-content\/uploads\/2025\/01\/shutterstock_486605749.jpg 1382w\" sizes=\"(max-width: 1024px) 100vw, 1024px\" \/>\t\t\t\t\t\t\t\t\t\t\t\t\t\t\t<\/div>\n\t\t\t\t<\/div>\n\t\t\t\t<\/div>\n\t\t<div class=\"elementor-element elementor-element-c3847a0 e-con-full e-flex e-con e-child\" data-id=\"c3847a0\" data-element_type=\"container\" data-e-type=\"container\">\n\t\t\t\t<div class=\"elementor-element elementor-element-bf90a55 elementor-widget elementor-widget-text-editor\" data-id=\"bf90a55\" data-element_type=\"widget\" data-e-type=\"widget\" data-widget_type=\"text-editor.default\">\n\t\t\t\t<div class=\"elementor-widget-container\">\n\t\t\t\t\t\t\t\t\t<p><a href=\"https:\/\/fatissime-formation.com\/index.php\/referent-qualite-definition-missions-et-opportunites-de-carriere\/\"><strong>R\u00e9f\u00e9rent Qualit\u00e9 :<\/strong> d\u00e9finition, missions et opportunit\u00e9s de carri\u00e8re<\/a><\/p>\t\t\t\t\t\t\t\t<\/div>\n\t\t\t\t<\/div>\n\t\t\t\t<div class=\"elementor-element elementor-element-1be6502 elementor-widget elementor-widget-image\" data-id=\"1be6502\" data-element_type=\"widget\" data-e-type=\"widget\" data-widget_type=\"image.default\">\n\t\t\t\t<div class=\"elementor-widget-container\">\n\t\t\t\t\t\t\t\t\t\t\t\t\t\t\t<img decoding=\"async\" width=\"1024\" height=\"684\" src=\"https:\/\/fatissime-formation.com\/wp-content\/uploads\/2025\/01\/shutterstock_1414526954-1024x684.jpg\" class=\"attachment-large size-large wp-image-1370\" alt=\"\" srcset=\"https:\/\/fatissime-formation.com\/wp-content\/uploads\/2025\/01\/shutterstock_1414526954-1024x684.jpg 1024w, https:\/\/fatissime-formation.com\/wp-content\/uploads\/2025\/01\/shutterstock_1414526954-300x200.jpg 300w, https:\/\/fatissime-formation.com\/wp-content\/uploads\/2025\/01\/shutterstock_1414526954-768x513.jpg 768w, https:\/\/fatissime-formation.com\/wp-content\/uploads\/2025\/01\/shutterstock_1414526954.jpg 1382w\" sizes=\"(max-width: 1024px) 100vw, 1024px\" \/>\t\t\t\t\t\t\t\t\t\t\t\t\t\t\t<\/div>\n\t\t\t\t<\/div>\n\t\t\t\t<\/div>\n\t\t<div class=\"elementor-element elementor-element-9761789 e-con-full e-flex e-con e-child\" data-id=\"9761789\" data-element_type=\"container\" data-e-type=\"container\">\n\t\t\t\t<div class=\"elementor-element elementor-element-20e8b89 elementor-widget elementor-widget-text-editor\" data-id=\"20e8b89\" data-element_type=\"widget\" data-e-type=\"widget\" data-widget_type=\"text-editor.default\">\n\t\t\t\t<div class=\"elementor-widget-container\">\n\t\t\t\t\t\t\t\t\t<p><a href=\"https:\/\/fatissime-formation.com\/index.php\/referent-sst-definition-role-et-importance-dans-lentreprise\/\"><strong>R\u00e9f\u00e9rent SST :<\/strong> d\u00e9finition, r\u00f4le et importance dans l&#8217;entreprise<\/a><\/p>\t\t\t\t\t\t\t\t<\/div>\n\t\t\t\t<\/div>\n\t\t\t\t<div class=\"elementor-element elementor-element-5ed7b02 elementor-widget elementor-widget-image\" data-id=\"5ed7b02\" data-element_type=\"widget\" data-e-type=\"widget\" data-widget_type=\"image.default\">\n\t\t\t\t<div class=\"elementor-widget-container\">\n\t\t\t\t\t\t\t\t\t\t\t\t\t\t\t<img decoding=\"async\" width=\"1024\" height=\"684\" src=\"https:\/\/fatissime-formation.com\/wp-content\/uploads\/2025\/01\/shutterstock_2090541637-1024x684.jpg\" class=\"attachment-large size-large wp-image-1371\" alt=\"\" srcset=\"https:\/\/fatissime-formation.com\/wp-content\/uploads\/2025\/01\/shutterstock_2090541637-1024x684.jpg 1024w, https:\/\/fatissime-formation.com\/wp-content\/uploads\/2025\/01\/shutterstock_2090541637-300x200.jpg 300w, https:\/\/fatissime-formation.com\/wp-content\/uploads\/2025\/01\/shutterstock_2090541637-768x513.jpg 768w, https:\/\/fatissime-formation.com\/wp-content\/uploads\/2025\/01\/shutterstock_2090541637.jpg 1382w\" sizes=\"(max-width: 1024px) 100vw, 1024px\" \/>\t\t\t\t\t\t\t\t\t\t\t\t\t\t\t<\/div>\n\t\t\t\t<\/div>\n\t\t\t\t<\/div>\n\t\t<div class=\"elementor-element elementor-element-3932386 e-con-full e-flex e-con e-child\" data-id=\"3932386\" data-element_type=\"container\" data-e-type=\"container\">\n\t\t\t\t<div class=\"elementor-element elementor-element-7689c91 elementor-widget elementor-widget-text-editor\" data-id=\"7689c91\" data-element_type=\"widget\" data-e-type=\"widget\" data-widget_type=\"text-editor.default\">\n\t\t\t\t<div class=\"elementor-widget-container\">\n\t\t\t\t\t\t\t\t\t<p><a href=\"https:\/\/fatissime-formation.com\/index.php\/referent-marches-publics-un-pilier-de-la-gestion-administrative-et-juridique\/\"><strong>R\u00e9f\u00e9rent March\u00e9s Publics :<\/strong> un pilier de la gestion administrative et juridique<\/a><\/p>\t\t\t\t\t\t\t\t<\/div>\n\t\t\t\t<\/div>\n\t\t\t\t<div class=\"elementor-element elementor-element-0d69a3a elementor-widget elementor-widget-image\" data-id=\"0d69a3a\" data-element_type=\"widget\" data-e-type=\"widget\" data-widget_type=\"image.default\">\n\t\t\t\t<div class=\"elementor-widget-container\">\n\t\t\t\t\t\t\t\t\t\t\t\t\t\t\t<img loading=\"lazy\" decoding=\"async\" width=\"1024\" height=\"684\" src=\"https:\/\/fatissime-formation.com\/wp-content\/uploads\/2025\/01\/business-people-investing-startup-buiness-1024x684.jpg\" class=\"attachment-large size-large wp-image-1375\" alt=\"\" srcset=\"https:\/\/fatissime-formation.com\/wp-content\/uploads\/2025\/01\/business-people-investing-startup-buiness-1024x684.jpg 1024w, https:\/\/fatissime-formation.com\/wp-content\/uploads\/2025\/01\/business-people-investing-startup-buiness-300x200.jpg 300w, https:\/\/fatissime-formation.com\/wp-content\/uploads\/2025\/01\/business-people-investing-startup-buiness-768x513.jpg 768w, https:\/\/fatissime-formation.com\/wp-content\/uploads\/2025\/01\/business-people-investing-startup-buiness.jpg 1382w\" sizes=\"(max-width: 1024px) 100vw, 1024px\" \/>\t\t\t\t\t\t\t\t\t\t\t\t\t\t\t<\/div>\n\t\t\t\t<\/div>\n\t\t\t\t<\/div>\n\t\t<div class=\"elementor-element elementor-element-de28aa2 e-con-full e-flex e-con e-child\" data-id=\"de28aa2\" data-element_type=\"container\" data-e-type=\"container\">\n\t\t\t\t<div class=\"elementor-element elementor-element-455665f elementor-widget elementor-widget-text-editor\" data-id=\"455665f\" data-element_type=\"widget\" data-e-type=\"widget\" data-widget_type=\"text-editor.default\">\n\t\t\t\t<div class=\"elementor-widget-container\">\n\t\t\t\t\t\t\t\t\t<p><a href=\"https:\/\/fatissime-formation.com\/index.php\/pilote-de-processus-un-role-strategique-pour-lamelioration-continue\/\"><strong>Pilote de Processus :<\/strong> un r\u00f4le strat\u00e9gique pour l&#8217;am\u00e9lioration continue<\/a><\/p>\t\t\t\t\t\t\t\t<\/div>\n\t\t\t\t<\/div>\n\t\t\t\t<div class=\"elementor-element elementor-element-0f1444d elementor-widget elementor-widget-image\" data-id=\"0f1444d\" data-element_type=\"widget\" data-e-type=\"widget\" data-widget_type=\"image.default\">\n\t\t\t\t<div class=\"elementor-widget-container\">\n\t\t\t\t\t\t\t\t\t\t\t\t\t\t\t<img loading=\"lazy\" decoding=\"async\" width=\"1024\" height=\"684\" src=\"https:\/\/fatissime-formation.com\/wp-content\/uploads\/2025\/01\/shutterstock_1449841919-1024x684.jpg\" class=\"attachment-large size-large wp-image-1379\" alt=\"\" srcset=\"https:\/\/fatissime-formation.com\/wp-content\/uploads\/2025\/01\/shutterstock_1449841919-1024x684.jpg 1024w, https:\/\/fatissime-formation.com\/wp-content\/uploads\/2025\/01\/shutterstock_1449841919-300x200.jpg 300w, https:\/\/fatissime-formation.com\/wp-content\/uploads\/2025\/01\/shutterstock_1449841919-768x513.jpg 768w, https:\/\/fatissime-formation.com\/wp-content\/uploads\/2025\/01\/shutterstock_1449841919.jpg 1382w\" sizes=\"(max-width: 1024px) 100vw, 1024px\" \/>\t\t\t\t\t\t\t\t\t\t\t\t\t\t\t<\/div>\n\t\t\t\t<\/div>\n\t\t\t\t<\/div>\n\t\t\t\t<\/div>\n\t\t\t\t\t<\/div>\n\t\t\t\t<\/div>\n\t\t\t\t<\/div>\n\t\t","protected":false},"excerpt":{"rendered":"<p>Pourquoi choisir une formation certifi\u00e9e Qualiopi ? R\u00e9f\u00e9rent Qualit\u00e9 : d\u00e9finition, missions et opportunit\u00e9s de carri\u00e8re R\u00e9f\u00e9rent SST : d\u00e9finition, r\u00f4le et importance dans l&#8217;entreprise R\u00e9f\u00e9rent March\u00e9s Publics : un pilier de la gestion administrative et juridique Pilote de Processus : un r\u00f4le strat\u00e9gique pour l&#8217;am\u00e9lioration continue<\/p>\n","protected":false},"author":1,"featured_media":0,"parent":0,"menu_order":0,"comment_status":"closed","ping_status":"closed","template":"","meta":{"_kad_post_transparent":"","_kad_post_title":"hide","_kad_post_layout":"fullwidth","_kad_post_sidebar_id":"","_kad_post_content_style":"unboxed","_kad_post_vertical_padding":"hide","_kad_post_feature":"hide","_kad_post_feature_position":"","_kad_post_header":false,"_kad_post_footer":false,"footnotes":""},"class_list":["post-899","page","type-page","status-publish","hentry"],"yoast_head":"<!-- This site is optimized with the Yoast SEO plugin v27.4 - https:\/\/yoast.com\/product\/yoast-seo-wordpress\/ -->\n<title>actualit\u00e9s -<\/title>\n<meta name=\"robots\" content=\"index, follow, max-snippet:-1, max-image-preview:large, max-video-preview:-1\" \/>\n<link rel=\"canonical\" href=\"https:\/\/fatissime-formation.com\/index.php\/actualites\/\" \/>\n<meta property=\"og:locale\" content=\"fr_FR\" \/>\n<meta property=\"og:type\" content=\"article\" \/>\n<meta property=\"og:title\" content=\"actualit\u00e9s -\" \/>\n<meta property=\"og:description\" content=\"Pourquoi choisir une formation certifi\u00e9e Qualiopi ? R\u00e9f\u00e9rent Qualit\u00e9 : d\u00e9finition, missions et opportunit\u00e9s de carri\u00e8re R\u00e9f\u00e9rent SST : d\u00e9finition, r\u00f4le et importance dans l&#8217;entreprise R\u00e9f\u00e9rent March\u00e9s Publics : un pilier de la gestion administrative et juridique Pilote de Processus : un r\u00f4le strat\u00e9gique pour l&#8217;am\u00e9lioration continue\" \/>\n<meta property=\"og:url\" content=\"https:\/\/fatissime-formation.com\/index.php\/actualites\/\" \/>\n<meta property=\"article:modified_time\" content=\"2025-01-10T16:34:17+00:00\" \/>\n<meta property=\"og:image\" content=\"https:\/\/fatissime-formation.com\/wp-content\/uploads\/2025\/01\/shutterstock_486605749.jpg\" \/>\n\t<meta property=\"og:image:width\" content=\"1382\" \/>\n\t<meta property=\"og:image:height\" content=\"923\" \/>\n\t<meta property=\"og:image:type\" content=\"image\/jpeg\" \/>\n<meta name=\"twitter:card\" content=\"summary_large_image\" \/>\n<script type=\"application\/ld+json\" class=\"yoast-schema-graph\">{\"@context\":\"https:\\\/\\\/schema.org\",\"@graph\":[{\"@type\":\"WebPage\",\"@id\":\"https:\\\/\\\/fatissime-formation.com\\\/index.php\\\/actualites\\\/\",\"url\":\"https:\\\/\\\/fatissime-formation.com\\\/index.php\\\/actualites\\\/\",\"name\":\"actualit\u00e9s -\",\"isPartOf\":{\"@id\":\"https:\\\/\\\/fatissime-formation.com\\\/#website\"},\"primaryImageOfPage\":{\"@id\":\"https:\\\/\\\/fatissime-formation.com\\\/index.php\\\/actualites\\\/#primaryimage\"},\"image\":{\"@id\":\"https:\\\/\\\/fatissime-formation.com\\\/index.php\\\/actualites\\\/#primaryimage\"},\"thumbnailUrl\":\"https:\\\/\\\/fatissime-formation.com\\\/wp-content\\\/uploads\\\/2025\\\/01\\\/shutterstock_486605749-1024x684.jpg\",\"datePublished\":\"2024-12-11T16:53:48+00:00\",\"dateModified\":\"2025-01-10T16:34:17+00:00\",\"breadcrumb\":{\"@id\":\"https:\\\/\\\/fatissime-formation.com\\\/index.php\\\/actualites\\\/#breadcrumb\"},\"inLanguage\":\"fr-FR\",\"potentialAction\":[{\"@type\":\"ReadAction\",\"target\":[\"https:\\\/\\\/fatissime-formation.com\\\/index.php\\\/actualites\\\/\"]}]},{\"@type\":\"ImageObject\",\"inLanguage\":\"fr-FR\",\"@id\":\"https:\\\/\\\/fatissime-formation.com\\\/index.php\\\/actualites\\\/#primaryimage\",\"url\":\"https:\\\/\\\/fatissime-formation.com\\\/wp-content\\\/uploads\\\/2025\\\/01\\\/shutterstock_486605749.jpg\",\"contentUrl\":\"https:\\\/\\\/fatissime-formation.com\\\/wp-content\\\/uploads\\\/2025\\\/01\\\/shutterstock_486605749.jpg\",\"width\":1382,\"height\":923},{\"@type\":\"BreadcrumbList\",\"@id\":\"https:\\\/\\\/fatissime-formation.com\\\/index.php\\\/actualites\\\/#breadcrumb\",\"itemListElement\":[{\"@type\":\"ListItem\",\"position\":1,\"name\":\"Accueil\",\"item\":\"https:\\\/\\\/fatissime-formation.com\\\/\"},{\"@type\":\"ListItem\",\"position\":2,\"name\":\"actualit\u00e9s\"}]},{\"@type\":\"WebSite\",\"@id\":\"https:\\\/\\\/fatissime-formation.com\\\/#website\",\"url\":\"https:\\\/\\\/fatissime-formation.com\\\/\",\"name\":\"fatissime-formation\",\"description\":\"\",\"publisher\":{\"@id\":\"https:\\\/\\\/fatissime-formation.com\\\/#organization\"},\"alternateName\":\"formafutur\",\"potentialAction\":[{\"@type\":\"SearchAction\",\"target\":{\"@type\":\"EntryPoint\",\"urlTemplate\":\"https:\\\/\\\/fatissime-formation.com\\\/?s={search_term_string}\"},\"query-input\":{\"@type\":\"PropertyValueSpecification\",\"valueRequired\":true,\"valueName\":\"search_term_string\"}}],\"inLanguage\":\"fr-FR\"},{\"@type\":\"Organization\",\"@id\":\"https:\\\/\\\/fatissime-formation.com\\\/#organization\",\"name\":\"formafutur\",\"url\":\"https:\\\/\\\/fatissime-formation.com\\\/\",\"logo\":{\"@type\":\"ImageObject\",\"inLanguage\":\"fr-FR\",\"@id\":\"https:\\\/\\\/fatissime-formation.com\\\/#\\\/schema\\\/logo\\\/image\\\/\",\"url\":\"https:\\\/\\\/fatissime-formation.com\\\/wp-content\\\/uploads\\\/2024\\\/12\\\/logo_formafutur_def_by_fatissime_vect_petit.png\",\"contentUrl\":\"https:\\\/\\\/fatissime-formation.com\\\/wp-content\\\/uploads\\\/2024\\\/12\\\/logo_formafutur_def_by_fatissime_vect_petit.png\",\"width\":350,\"height\":82,\"caption\":\"formafutur\"},\"image\":{\"@id\":\"https:\\\/\\\/fatissime-formation.com\\\/#\\\/schema\\\/logo\\\/image\\\/\"},\"sameAs\":[\"https:\\\/\\\/www.linkedin.com\\\/in\\\/formafutur-fatissime-a9425a33a\\\/\"]}]}<\/script>\n<!-- \/ Yoast SEO plugin. -->","yoast_head_json":{"title":"actualit\u00e9s -","robots":{"index":"index","follow":"follow","max-snippet":"max-snippet:-1","max-image-preview":"max-image-preview:large","max-video-preview":"max-video-preview:-1"},"canonical":"https:\/\/fatissime-formation.com\/index.php\/actualites\/","og_locale":"fr_FR","og_type":"article","og_title":"actualit\u00e9s -","og_description":"Pourquoi choisir une formation certifi\u00e9e Qualiopi ? R\u00e9f\u00e9rent Qualit\u00e9 : d\u00e9finition, missions et opportunit\u00e9s de carri\u00e8re R\u00e9f\u00e9rent SST : d\u00e9finition, r\u00f4le et importance dans l&#8217;entreprise R\u00e9f\u00e9rent March\u00e9s Publics : un pilier de la gestion administrative et juridique Pilote de Processus : un r\u00f4le strat\u00e9gique pour l&#8217;am\u00e9lioration continue","og_url":"https:\/\/fatissime-formation.com\/index.php\/actualites\/","article_modified_time":"2025-01-10T16:34:17+00:00","og_image":[{"width":1382,"height":923,"url":"https:\/\/fatissime-formation.com\/wp-content\/uploads\/2025\/01\/shutterstock_486605749.jpg","type":"image\/jpeg"}],"twitter_card":"summary_large_image","schema":{"@context":"https:\/\/schema.org","@graph":[{"@type":"WebPage","@id":"https:\/\/fatissime-formation.com\/index.php\/actualites\/","url":"https:\/\/fatissime-formation.com\/index.php\/actualites\/","name":"actualit\u00e9s -","isPartOf":{"@id":"https:\/\/fatissime-formation.com\/#website"},"primaryImageOfPage":{"@id":"https:\/\/fatissime-formation.com\/index.php\/actualites\/#primaryimage"},"image":{"@id":"https:\/\/fatissime-formation.com\/index.php\/actualites\/#primaryimage"},"thumbnailUrl":"https:\/\/fatissime-formation.com\/wp-content\/uploads\/2025\/01\/shutterstock_486605749-1024x684.jpg","datePublished":"2024-12-11T16:53:48+00:00","dateModified":"2025-01-10T16:34:17+00:00","breadcrumb":{"@id":"https:\/\/fatissime-formation.com\/index.php\/actualites\/#breadcrumb"},"inLanguage":"fr-FR","potentialAction":[{"@type":"ReadAction","target":["https:\/\/fatissime-formation.com\/index.php\/actualites\/"]}]},{"@type":"ImageObject","inLanguage":"fr-FR","@id":"https:\/\/fatissime-formation.com\/index.php\/actualites\/#primaryimage","url":"https:\/\/fatissime-formation.com\/wp-content\/uploads\/2025\/01\/shutterstock_486605749.jpg","contentUrl":"https:\/\/fatissime-formation.com\/wp-content\/uploads\/2025\/01\/shutterstock_486605749.jpg","width":1382,"height":923},{"@type":"BreadcrumbList","@id":"https:\/\/fatissime-formation.com\/index.php\/actualites\/#breadcrumb","itemListElement":[{"@type":"ListItem","position":1,"name":"Accueil","item":"https:\/\/fatissime-formation.com\/"},{"@type":"ListItem","position":2,"name":"actualit\u00e9s"}]},{"@type":"WebSite","@id":"https:\/\/fatissime-formation.com\/#website","url":"https:\/\/fatissime-formation.com\/","name":"fatissime-formation","description":"","publisher":{"@id":"https:\/\/fatissime-formation.com\/#organization"},"alternateName":"formafutur","potentialAction":[{"@type":"SearchAction","target":{"@type":"EntryPoint","urlTemplate":"https:\/\/fatissime-formation.com\/?s={search_term_string}"},"query-input":{"@type":"PropertyValueSpecification","valueRequired":true,"valueName":"search_term_string"}}],"inLanguage":"fr-FR"},{"@type":"Organization","@id":"https:\/\/fatissime-formation.com\/#organization","name":"formafutur","url":"https:\/\/fatissime-formation.com\/","logo":{"@type":"ImageObject","inLanguage":"fr-FR","@id":"https:\/\/fatissime-formation.com\/#\/schema\/logo\/image\/","url":"https:\/\/fatissime-formation.com\/wp-content\/uploads\/2024\/12\/logo_formafutur_def_by_fatissime_vect_petit.png","contentUrl":"https:\/\/fatissime-formation.com\/wp-content\/uploads\/2024\/12\/logo_formafutur_def_by_fatissime_vect_petit.png","width":350,"height":82,"caption":"formafutur"},"image":{"@id":"https:\/\/fatissime-formation.com\/#\/schema\/logo\/image\/"},"sameAs":["https:\/\/www.linkedin.com\/in\/formafutur-fatissime-a9425a33a\/"]}]}},"_links":{"self":[{"href":"https:\/\/fatissime-formation.com\/index.php\/wp-json\/wp\/v2\/pages\/899","targetHints":{"allow":["GET"]}}],"collection":[{"href":"https:\/\/fatissime-formation.com\/index.php\/wp-json\/wp\/v2\/pages"}],"about":[{"href":"https:\/\/fatissime-formation.com\/index.php\/wp-json\/wp\/v2\/types\/page"}],"author":[{"embeddable":true,"href":"https:\/\/fatissime-formation.com\/index.php\/wp-json\/wp\/v2\/users\/1"}],"replies":[{"embeddable":true,"href":"https:\/\/fatissime-formation.com\/index.php\/wp-json\/wp\/v2\/comments?post=899"}],"version-history":[{"count":58,"href":"https:\/\/fatissime-formation.com\/index.php\/wp-json\/wp\/v2\/pages\/899\/revisions"}],"predecessor-version":[{"id":1392,"href":"https:\/\/fatissime-formation.com\/index.php\/wp-json\/wp\/v2\/pages\/899\/revisions\/1392"}],"wp:attachment":[{"href":"https:\/\/fatissime-formation.com\/index.php\/wp-json\/wp\/v2\/media?parent=899"}],"curies":[{"name":"wp","href":"https:\/\/api.w.org\/{rel}","templated":true}]}}